{"id":916,"date":"2025-12-01T22:52:29","date_gmt":"2025-12-01T22:52:29","guid":{"rendered":"https:\/\/silnikiprzemyslowe.com.pl\/?page_id=916"},"modified":"2025-12-01T22:52:29","modified_gmt":"2025-12-01T22:52:29","slug":"contact","status":"publish","type":"page","link":"https:\/\/silnikiprzemyslowe.com.pl\/?page_id=916","title":{"rendered":"Contact"},"content":{"rendered":"\n<div class=\\\"wp-block-uagb-container uagb-block-71fc7b63 alignfull uagb-is-root-container\\\"><div class=\\\"uagb-container-inner-blocks-wrap\\\">\n<div class=\\\"wp-block-uagb-advanced-heading uagb-block-158443ef\\\"><h1 class=\\\"uagb-heading-text\\\">Contact Us<\/h1><\/div>\n<\/div><\/div>\n\n\n\n<div class=\\\"wp-block-uagb-container uagb-block-c3ca94ac alignfull uagb-is-root-container\\\"><div class=\\\"uagb-container-inner-blocks-wrap\\\">\n<div class=\\\"wp-block-uagb-container uagb-block-d99f58a4\\\">\n<div class=\\\"wp-block-uagb-advanced-heading uagb-block-b498d543\\\"><h2 class=\\\"uagb-heading-text\\\">We\\&#8217;re Ready, Let\\&#8217;s Talk.<\/h2><\/div>\n\n\nTen formularz zosta\u0142 usuni\u0119ty lub jest niedost\u0119pny.\n<\/div>\n\n\n\n<div class=\\\"wp-block-uagb-container uagb-block-43ade9a4\\\">\n<div class=\\\"wp-block-uagb-advanced-heading uagb-block-15120565\\\"><h2 class=\\\"uagb-heading-text\\\">Contact Info<\/h2><\/div>\n\n\n\n<div class=\\\"wp-block-uagb-advanced-heading uagb-block-227286b6\\\"><h5 class=\\\"uagb-heading-text\\\"><strong>Address<\/strong><\/h5><p class=\\\"uagb-desc-text\\\">123 Fifth Avenue, NY 10160, New York, USA<\/p><\/div>\n\n\n\n<div class=\\\"wp-block-uagb-advanced-heading uagb-block-f3d2c9dd\\\"><h5 class=\\\"uagb-heading-text\\\"><strong>Email Us<\/strong><\/h5><p class=\\\"uagb-desc-text\\\">contact@example.com\u200b<\/p><\/div>\n\n\n\n<div class=\\\"wp-block-uagb-advanced-heading uagb-block-ef028ab5\\\"><h5 class=\\\"uagb-heading-text\\\"><strong>Call Us<\/strong><\/h5><p class=\\\"uagb-desc-text\\\">800-123-456<\/p><\/div>\n\n\n\n<div class=\\\"wp-block-uagb-advanced-heading uagb-block-c5a7200e\\\"><h5 class=\\\"uagb-heading-text\\\"><strong>Follow Us<\/strong><\/h5><\/div>\n\n\n\n<div class=\\\"wp-block-uagb-social-share uagb-social-share__outer-wrap uagb-social-share__layout-horizontal uagb-block-a848d369\\\">\n<div class=\\\"wp-block-uagb-social-share-child uagb-ss-repeater uagb-ss__wrapper uagb-block-9b32b999\\\"><span class=\\\"uagb-ss__link\\\" data-href=\\\"https:\/\/www.facebook.com\/sharer.php?u=\\\" tabindex=\\\"0\\\" role=\\\"button\\\" aria-label=\\\"facebook\\\"><span class=\\\"uagb-ss__source-wrap\\\"><span class=\\\"uagb-ss__source-icon\\\"><svg xmlns=\\\"https:\/\/www.w3.org\/2000\/svg\\\" viewBox=\\\"0 0 320 512\\\"><path d=\\\"M279.1 288l14.22-92.66h-88.91v-60.13c0-25.35 12.42-50.06 52.24-50.06h40.42V6.26S260.4 0 225.4 0c-73.22 0-121.1 44.38-121.1 124.7v70.62H22.89V288h81.39v224h100.2V288z\\\"><\/path><\/svg><\/span><\/span><\/span><\/div>\n\n\n\n<div class=\\\"wp-block-uagb-social-share-child uagb-ss-repeater uagb-ss__wrapper uagb-block-b9c6232c\\\"><span class=\\\"uagb-ss__link\\\" data-href=\\\"https:\/\/twitter.com\/share?url=\\\" tabindex=\\\"0\\\" role=\\\"button\\\" aria-label=\\\"twitter\\\"><span class=\\\"uagb-ss__source-wrap\\\"><span class=\\\"uagb-ss__source-icon\\\"><svg xmlns=\\\"https:\/\/www.w3.org\/2000\/svg\\\" viewBox=\\\"0 0 512 512\\\"><path d=\\\"M459.4 151.7c.325 4.548 .325 9.097 .325 13.65 0 138.7-105.6 298.6-298.6 298.6-59.45 0-114.7-17.22-161.1-47.11 8.447 .974 16.57 1.299 25.34 1.299 49.06 0 94.21-16.57 130.3-44.83-46.13-.975-84.79-31.19-98.11-72.77 6.498 .974 12.99 1.624 19.82 1.624 9.421 0 18.84-1.3 27.61-3.573-48.08-9.747-84.14-51.98-84.14-102.1v-1.299c13.97 7.797 30.21 12.67 47.43 13.32-28.26-18.84-46.78-51.01-46.78-87.39 0-19.49 5.197-37.36 14.29-52.95 51.65 63.67 129.3 105.3 216.4 109.8-1.624-7.797-2.599-15.92-2.599-24.04 0-57.83 46.78-104.9 104.9-104.9 30.21 0 57.5 12.67 76.67 33.14 23.72-4.548 46.46-13.32 66.6-25.34-7.798 24.37-24.37 44.83-46.13 57.83 21.12-2.273 41.58-8.122 60.43-16.24-14.29 20.79-32.16 39.31-52.63 54.25z\\\"><\/path><\/svg><\/span><\/span><\/span><\/div>\n\n\n\n<div class=\\\"wp-block-uagb-social-share-child uagb-ss-repeater uagb-ss__wrapper uagb-block-785091d8\\\"><span class=\\\"uagb-ss__link\\\" data-href=\\\"https:\/\/plus.google.com\/share?url=\\\" tabindex=\\\"0\\\" role=\\\"button\\\" aria-label=\\\"google\\\"><span class=\\\"uagb-ss__source-wrap\\\"><span class=\\\"uagb-ss__source-icon\\\"><svg xmlns=\\\"https:\/\/www.w3.org\/2000\/svg\\\" viewBox=\\\"0 0 576 512\\\"><path d=\\\"M549.7 124.1c-6.281-23.65-24.79-42.28-48.28-48.6C458.8 64 288 64 288 64S117.2 64 74.63 75.49c-23.5 6.322-42 24.95-48.28 48.6-11.41 42.87-11.41 132.3-11.41 132.3s0 89.44 11.41 132.3c6.281 23.65 24.79 41.5 48.28 47.82C117.2 448 288 448 288 448s170.8 0 213.4-11.49c23.5-6.321 42-24.17 48.28-47.82 11.41-42.87 11.41-132.3 11.41-132.3s0-89.44-11.41-132.3zm-317.5 213.5V175.2l142.7 81.21-142.7 81.2z\\\"><\/path><\/svg><\/span><\/span><\/span><\/div>\n<\/div>\n<\/div>\n<\/div><\/div>\n","protected":false},"excerpt":{"rendered":"<p>Contact Us We\\&#8217;re Ready, Let\\&#8217;s Talk. Contact Info Address 123 Fifth Avenue, NY 10160, New York, USA Email Us contact@example.com\u200b Call Us 800-123-456 Follow Us<\/p>\n","protected":false},"author":1,"featured_media":0,"parent":0,"menu_order":0,"comment_status":"closed","ping_status":"closed","template":"","meta":{"_uag_custom_page_level_css":"","footnotes":""},"class_list":["post-916","page","type-page","status-publish","hentry"],"uagb_featured_image_src":{"full":false,"thumbnail":false,"medium":false,"medium_large":false,"large":false,"1536x1536":false,"2048x2048":false,"hestia-blog":false},"uagb_author_info":{"display_name":"Szymek","author_link":"https:\/\/silnikiprzemyslowe.com.pl\/?author=1"},"uagb_comment_info":0,"uagb_excerpt":"Contact Us We\\&#8217;re Ready, Let\\&#8217;s Talk. Contact Info Address 123 Fifth Avenue, NY 10160, New York, USA Email Us contact@example.com\u200b Call Us 800-123-456 Follow Us","_links":{"self":[{"href":"https:\/\/silnikiprzemyslowe.com.pl\/index.php?rest_route=\/wp\/v2\/pages\/916","targetHints":{"allow":["GET"]}}],"collection":[{"href":"https:\/\/silnikiprzemyslowe.com.pl\/index.php?rest_route=\/wp\/v2\/pages"}],"about":[{"href":"https:\/\/silnikiprzemyslowe.com.pl\/index.php?rest_route=\/wp\/v2\/types\/page"}],"author":[{"embeddable":true,"href":"https:\/\/silnikiprzemyslowe.com.pl\/index.php?rest_route=\/wp\/v2\/users\/1"}],"replies":[{"embeddable":true,"href":"https:\/\/silnikiprzemyslowe.com.pl\/index.php?rest_route=%2Fwp%2Fv2%2Fcomments&post=916"}],"version-history":[{"count":0,"href":"https:\/\/silnikiprzemyslowe.com.pl\/index.php?rest_route=\/wp\/v2\/pages\/916\/revisions"}],"wp:attachment":[{"href":"https:\/\/silnikiprzemyslowe.com.pl\/index.php?rest_route=%2Fwp%2Fv2%2Fmedia&parent=916"}],"curies":[{"name":"wp","href":"https:\/\/api.w.org\/{rel}","templated":true}]}}